{"id":3067,"date":"2022-01-09T20:27:07","date_gmt":"2022-01-09T20:27:07","guid":{"rendered":"https:\/\/ginetteachim.com\/agenceartistique\/?page_id=3067"},"modified":"2025-06-17T13:38:09","modified_gmt":"2025-06-17T13:38:09","slug":"contact","status":"publish","type":"page","link":"https:\/\/ginetteachim.com\/agenceartistique\/contact\/","title":{"rendered":"CONTACT"},"content":{"rendered":"\t\t<div data-elementor-type=\"wp-page\" data-elementor-id=\"3067\" class=\"elementor elementor-3067\">\n\t\t\t\t\t\t<div class=\"elementor-inner\">\n\t\t\t\t<div class=\"elementor-section-wrap\">\n\t\t\t\t\t\t\t\t\t<section class=\"elementor-section elementor-top-section elementor-element elementor-element-b6cc91e elementor-section-boxed elementor-section-height-default elementor-section-height-default\" data-id=\"b6cc91e\" data-element_type=\"section\" data-settings=\"{&quot;background_background&quot;:&quot;gradient&quot;}\">\n\t\t\t\t\t\t<div class=\"elementor-container elementor-column-gap-default\">\n\t\t\t\t\t\t\t<div class=\"elementor-row\">\n\t\t\t\t\t<div class=\"elementor-column elementor-col-100 elementor-top-column elementor-element elementor-element-2bada78\" data-id=\"2bada78\" data-element_type=\"column\">\n\t\t\t<div class=\"elementor-column-wrap elementor-element-populated\">\n\t\t\t\t\t\t\t<div class=\"elementor-widget-wrap\">\n\t\t\t\t\t\t<section class=\"elementor-section elementor-inner-section elementor-element elementor-element-9f2fd76 elementor-section-boxed elementor-section-height-default elementor-section-height-default\" data-id=\"9f2fd76\" data-element_type=\"section\" data-settings=\"{&quot;background_background&quot;:&quot;classic&quot;}\">\n\t\t\t\t\t\t<div class=\"elementor-container elementor-column-gap-default\">\n\t\t\t\t\t\t\t<div class=\"elementor-row\">\n\t\t\t\t\t<div class=\"elementor-column elementor-col-33 elementor-inner-column elementor-element elementor-element-c9ab0f0\" data-id=\"c9ab0f0\" data-element_type=\"column\">\n\t\t\t<div class=\"elementor-column-wrap elementor-element-populated\">\n\t\t\t\t\t\t\t<div class=\"elementor-widget-wrap\">\n\t\t\t\t\t\t<div class=\"elementor-element elementor-element-30aaf5e elementor-hidden-mobile elementor-widget elementor-widget-image\" data-id=\"30aaf5e\" data-element_type=\"widget\" data-widget_type=\"image.default\">\n\t\t\t\t<div class=\"elementor-widget-container\">\n\t\t\t\t\t\t\t\t<div class=\"elementor-image\">\n\t\t\t\t\t\t\t\t\t\t\t\t<img loading=\"lazy\" decoding=\"async\" width=\"234\" height=\"143\" src=\"https:\/\/ginetteachim.com\/agenceartistique\/wp-content\/uploads\/2021\/12\/logo_Agence-Ginette-Achim.png\" class=\"attachment-full size-full wp-image-173\" alt=\"logo Agence Ginette Achim\" \/>\t\t\t\t\t\t\t\t\t\t\t\t\t\t<\/div>\n\t\t\t\t\t\t<\/div>\n\t\t\t\t<\/div>\n\t\t\t\t<div class=\"elementor-element elementor-element-e59c2f2 elementor-nav-menu__text-align-center elementor-hidden-mobile elementor-widget elementor-widget-nav-menu\" data-id=\"e59c2f2\" data-element_type=\"widget\" data-settings=\"{&quot;layout&quot;:&quot;dropdown&quot;,&quot;submenu_icon&quot;:{&quot;value&quot;:&quot;&lt;i class=\\&quot;fas fa-angle-down\\&quot;&gt;&lt;\\\/i&gt;&quot;,&quot;library&quot;:&quot;fa-solid&quot;}}\" data-widget_type=\"nav-menu.default\">\n\t\t\t\t<div class=\"elementor-widget-container\">\n\t\t\t\t\t\t<nav class=\"elementor-nav-menu--dropdown elementor-nav-menu__container\" aria-hidden=\"true\">\n\t\t\t\t<ul id=\"menu-2-e59c2f2\" class=\"elementor-nav-menu\"><li class=\"menu-item menu-item-type-post_type menu-item-object-page menu-item-home menu-item-3139\"><a href=\"https:\/\/ginetteachim.com\/agenceartistique\/\" class=\"elementor-item\" tabindex=\"-1\">L&rsquo;AGENCE<\/a><\/li>\n<li class=\"menu-item menu-item-type-custom menu-item-object-custom menu-item-has-children menu-item-6991\"><a href=\"#\" class=\"elementor-item elementor-item-anchor\" tabindex=\"-1\">ARTISTES<\/a>\n<ul class=\"sub-menu elementor-nav-menu--dropdown\">\n\t<li class=\"menu-item menu-item-type-post_type menu-item-object-page menu-item-1417\"><a href=\"https:\/\/ginetteachim.com\/agenceartistique\/liste-acteurs\/\" class=\"elementor-sub-item\" tabindex=\"-1\">&#8211; Acteurs<\/a><\/li>\n\t<li class=\"menu-item menu-item-type-post_type menu-item-object-page menu-item-465\"><a href=\"https:\/\/ginetteachim.com\/agenceartistique\/liste-femmes\/\" class=\"elementor-sub-item\" tabindex=\"-1\">&#8211; Actrices<\/a><\/li>\n<\/ul>\n<\/li>\n<li class=\"menu-item menu-item-type-custom menu-item-object-custom menu-item-has-children menu-item-1419\"><a href=\"#\" class=\"elementor-item elementor-item-anchor\" tabindex=\"-1\">VOIX<\/a>\n<ul class=\"sub-menu elementor-nav-menu--dropdown\">\n\t<li class=\"menu-item menu-item-type-post_type menu-item-object-page menu-item-1416\"><a href=\"https:\/\/ginetteachim.com\/agenceartistique\/voix-acteurs\/\" class=\"elementor-sub-item\" tabindex=\"-1\">&#8211; Hommes<\/a><\/li>\n\t<li class=\"menu-item menu-item-type-post_type menu-item-object-page menu-item-1418\"><a href=\"https:\/\/ginetteachim.com\/agenceartistique\/voix-actrices\/\" class=\"elementor-sub-item\" tabindex=\"-1\">&#8211; Femmes<\/a><\/li>\n<\/ul>\n<\/li>\n<li class=\"menu-item menu-item-type-post_type menu-item-object-page menu-item-3073\"><a href=\"https:\/\/ginetteachim.com\/agenceartistique\/contact\/\" class=\"elementor-item\" tabindex=\"-1\">CONTACT<\/a><\/li>\n<\/ul>\t\t\t<\/nav>\n\t\t\t\t<\/div>\n\t\t\t\t<\/div>\n\t\t\t\t<div class=\"elementor-element elementor-element-0992a46 elementor-hidden-mobile elementor-widget elementor-widget-spacer\" data-id=\"0992a46\" data-element_type=\"widget\" data-widget_type=\"spacer.default\">\n\t\t\t\t<div class=\"elementor-widget-container\">\n\t\t\t\t\t<div class=\"elementor-spacer\">\n\t\t\t<div class=\"elementor-spacer-inner\"><\/div>\n\t\t<\/div>\n\t\t\t\t<\/div>\n\t\t\t\t<\/div>\n\t\t\t\t<div class=\"elementor-element elementor-element-326905b elementor-hidden-mobile elementor-widget elementor-widget-spacer\" data-id=\"326905b\" data-element_type=\"widget\" data-widget_type=\"spacer.default\">\n\t\t\t\t<div class=\"elementor-widget-container\">\n\t\t\t\t\t<div class=\"elementor-spacer\">\n\t\t\t<div class=\"elementor-spacer-inner\"><\/div>\n\t\t<\/div>\n\t\t\t\t<\/div>\n\t\t\t\t<\/div>\n\t\t\t\t<div class=\"elementor-element elementor-element-9496e9c elementor-hidden-mobile elementor-widget elementor-widget-text-editor\" data-id=\"9496e9c\" data-element_type=\"widget\" data-widget_type=\"text-editor.default\">\n\t\t\t\t<div class=\"elementor-widget-container\">\n\t\t\t\t\t\t\t\t<div class=\"elementor-text-editor elementor-clearfix\">\n\t\t\t\t<p>AGENCE ARTISTIQUE<br \/>MONTR\u00c9ALAISE<br \/>DEPUIS 1983<\/p>\t\t\t\t\t<\/div>\n\t\t\t\t\t\t<\/div>\n\t\t\t\t<\/div>\n\t\t\t\t\t\t<\/div>\n\t\t\t\t\t<\/div>\n\t\t<\/div>\n\t\t\t\t<div class=\"elementor-column elementor-col-33 elementor-inner-column elementor-element elementor-element-71b395e\" data-id=\"71b395e\" data-element_type=\"column\" data-settings=\"{&quot;background_background&quot;:&quot;classic&quot;}\">\n\t\t\t<div class=\"elementor-column-wrap elementor-element-populated\">\n\t\t\t\t\t\t\t<div class=\"elementor-widget-wrap\">\n\t\t\t\t\t\t<div class=\"elementor-element elementor-element-a68216c elementor-widget elementor-widget-spacer\" data-id=\"a68216c\" data-element_type=\"widget\" data-widget_type=\"spacer.default\">\n\t\t\t\t<div class=\"elementor-widget-container\">\n\t\t\t\t\t<div class=\"elementor-spacer\">\n\t\t\t<div class=\"elementor-spacer-inner\"><\/div>\n\t\t<\/div>\n\t\t\t\t<\/div>\n\t\t\t\t<\/div>\n\t\t\t\t<div class=\"elementor-element elementor-element-79a100a elementor-widget elementor-widget-text-editor\" data-id=\"79a100a\" data-element_type=\"widget\" data-widget_type=\"text-editor.default\">\n\t\t\t\t<div class=\"elementor-widget-container\">\n\t\t\t\t\t\t\t\t<div class=\"elementor-text-editor elementor-clearfix\">\n\t\t\t\t<p><strong>Agence Ginette Achim<\/strong><br \/>1053 rue Laurier Ouest<br \/>Outremont, Qu\u00e9bec<br \/>H2V 2L2<\/p><p><strong>Tel : <\/strong><a href=\"tel:15142713737\" target=\"_blank\" rel=\"noopener\"><strong>514-271-3737<\/strong><\/a><\/p>\t\t\t\t\t<\/div>\n\t\t\t\t\t\t<\/div>\n\t\t\t\t<\/div>\n\t\t\t\t<div class=\"elementor-element elementor-element-4446c69 elementor-widget elementor-widget-spacer\" data-id=\"4446c69\" data-element_type=\"widget\" data-widget_type=\"spacer.default\">\n\t\t\t\t<div class=\"elementor-widget-container\">\n\t\t\t\t\t<div class=\"elementor-spacer\">\n\t\t\t<div class=\"elementor-spacer-inner\"><\/div>\n\t\t<\/div>\n\t\t\t\t<\/div>\n\t\t\t\t<\/div>\n\t\t\t\t<div class=\"elementor-element elementor-element-b030168 elementor-widget elementor-widget-text-editor\" data-id=\"b030168\" data-element_type=\"widget\" data-widget_type=\"text-editor.default\">\n\t\t\t\t<div class=\"elementor-widget-container\">\n\t\t\t\t\t\t\t\t<div class=\"elementor-text-editor elementor-clearfix\">\n\t\t\t\t<p><b>NOTRE \u00c9QUIPE<br \/><\/b><b><\/b><b>Ginette Achim<\/b>, agente<br \/><a href=\"mailto:ginetteachim@ginetteachim.com\">ginetteachim@ginetteachim.com<\/a><\/p><p><b>Manon Cl\u00e9ment<\/b>, agente<br \/><a href=\"mailto:manonclement@ginetteachim.com\">manonclement@ginetteachim.com<\/a><\/p>\t\t\t\t\t<\/div>\n\t\t\t\t\t\t<\/div>\n\t\t\t\t<\/div>\n\t\t\t\t<div class=\"elementor-element elementor-element-69ca27a elementor-widget elementor-widget-spacer\" data-id=\"69ca27a\" data-element_type=\"widget\" data-widget_type=\"spacer.default\">\n\t\t\t\t<div class=\"elementor-widget-container\">\n\t\t\t\t\t<div class=\"elementor-spacer\">\n\t\t\t<div class=\"elementor-spacer-inner\"><\/div>\n\t\t<\/div>\n\t\t\t\t<\/div>\n\t\t\t\t<\/div>\n\t\t\t\t<div class=\"elementor-element elementor-element-168136f elementor-widget elementor-widget-text-editor\" data-id=\"168136f\" data-element_type=\"widget\" data-widget_type=\"text-editor.default\">\n\t\t\t\t<div class=\"elementor-widget-container\">\n\t\t\t\t\t\t\t\t<div class=\"elementor-text-editor elementor-clearfix\">\n\t\t\t\t<p><b>Coordination :<br \/>Pascale Boulay <\/b>et<br \/><b>Antoine Lemay Beaulieu<\/b><br \/><a href=\"mailto:coordo@ginetteachim.com\"><span style=\"color: #ffffff;\">coordo@ginetteachim.com<\/span><\/a><\/p><p><b>Comptabilit\u00e9 :<\/b><br \/><span style=\"color: #ffffff;\"><a style=\"color: #ffffff;\" href=\"mailto:aga@ginetteachim.com\">aga@ginetteachim.com<\/a><br \/><\/span><\/p><p>Webmestre :<br \/><a href=\"mailto:fhaguier@ginetteachim.com\" target=\"_blank\" rel=\"noopener\"><span style=\"color: #ffffff;\">fhaguier@ginetteachim.com<\/span><\/a><\/p><p><span style=\"color: #ffffff;\">&#8211; <a style=\"color: #ffffff;\" href=\"https:\/\/ginetteachim.com\/agenceartistique\/politique-confidentialite\/\">Politique de confidentialit\u00e9<\/a><\/span><\/p><p>\u00a0<\/p>\t\t\t\t\t<\/div>\n\t\t\t\t\t\t<\/div>\n\t\t\t\t<\/div>\n\t\t\t\t<div class=\"elementor-element elementor-element-ca1090b elementor-widget elementor-widget-spacer\" data-id=\"ca1090b\" data-element_type=\"widget\" data-widget_type=\"spacer.default\">\n\t\t\t\t<div class=\"elementor-widget-container\">\n\t\t\t\t\t<div class=\"elementor-spacer\">\n\t\t\t<div class=\"elementor-spacer-inner\"><\/div>\n\t\t<\/div>\n\t\t\t\t<\/div>\n\t\t\t\t<\/div>\n\t\t\t\t\t\t<\/div>\n\t\t\t\t\t<\/div>\n\t\t<\/div>\n\t\t\t\t<div class=\"elementor-column elementor-col-33 elementor-inner-column elementor-element elementor-element-ac0548b\" data-id=\"ac0548b\" data-element_type=\"column\">\n\t\t\t<div class=\"elementor-column-wrap elementor-element-populated\">\n\t\t\t\t\t\t\t<div class=\"elementor-widget-wrap\">\n\t\t\t\t\t\t<div class=\"elementor-element elementor-element-5032895 elementor-hidden-mobile elementor-widget elementor-widget-spacer\" data-id=\"5032895\" data-element_type=\"widget\" data-widget_type=\"spacer.default\">\n\t\t\t\t<div class=\"elementor-widget-container\">\n\t\t\t\t\t<div class=\"elementor-spacer\">\n\t\t\t<div class=\"elementor-spacer-inner\"><\/div>\n\t\t<\/div>\n\t\t\t\t<\/div>\n\t\t\t\t<\/div>\n\t\t\t\t<div class=\"elementor-element elementor-element-a51b70a elementor-widget elementor-widget-google_maps\" data-id=\"a51b70a\" data-element_type=\"widget\" data-widget_type=\"google_maps.default\">\n\t\t\t\t<div class=\"elementor-widget-container\">\n\t\t\t\t\t<div class=\"elementor-custom-embed\">\n\t\t\t<iframe loading=\"lazy\"\n\t\t\t\t\tsrc=\"https:\/\/maps.google.com\/maps?q=Agence%20Ginette%20Achim%201053%20rue%20Laurier%20Ouest%20Outremont%2C%20Qu%C3%A9bec%20H2V%202L2&#038;t=m&#038;z=10&#038;output=embed&#038;iwloc=near\"\n\t\t\t\t\ttitle=\"Agence Ginette Achim 1053 rue Laurier Ouest Outremont, Qu\u00e9bec H2V 2L2\"\n\t\t\t\t\taria-label=\"Agence Ginette Achim 1053 rue Laurier Ouest Outremont, Qu\u00e9bec H2V 2L2\"\n\t\t\t><\/iframe>\n\t\t<\/div>\n\t\t\t\t<\/div>\n\t\t\t\t<\/div>\n\t\t\t\t<div class=\"elementor-element elementor-element-57c6888 elementor-hidden-mobile elementor-widget elementor-widget-spacer\" data-id=\"57c6888\" data-element_type=\"widget\" data-widget_type=\"spacer.default\">\n\t\t\t\t<div class=\"elementor-widget-container\">\n\t\t\t\t\t<div class=\"elementor-spacer\">\n\t\t\t<div class=\"elementor-spacer-inner\"><\/div>\n\t\t<\/div>\n\t\t\t\t<\/div>\n\t\t\t\t<\/div>\n\t\t\t\t\t\t<\/div>\n\t\t\t\t\t<\/div>\n\t\t<\/div>\n\t\t\t\t\t\t\t\t<\/div>\n\t\t\t\t\t<\/div>\n\t\t<\/section>\n\t\t\t\t\t\t<\/div>\n\t\t\t\t\t<\/div>\n\t\t<\/div>\n\t\t\t\t\t\t\t\t<\/div>\n\t\t\t\t\t<\/div>\n\t\t<\/section>\n\t\t\t\t\t\t\t\t\t<\/div>\n\t\t\t<\/div>\n\t\t\t\t\t<\/div>\n\t\t","protected":false},"excerpt":{"rendered":"<p>AGENCE ARTISTIQUEMONTR\u00c9ALAISEDEPUIS 1983 Agence Ginette Achim1053 rue Laurier OuestOutremont, Qu\u00e9becH2V 2L2 Tel : 514-271-3737 NOTRE \u00c9QUIPEGinette Achim, agenteginetteachim@ginetteachim.com Manon Cl\u00e9ment, agentemanonclement@ginetteachim.com Coordination :Pascale Boulay etAntoine Lemay Beaulieucoordo@ginetteachim.com Comptabilit\u00e9 :aga@ginetteachim.com Webmestre :fhaguier@ginetteachim.com &#8211; Politique de confidentialit\u00e9 \u00a0<\/p>\n","protected":false},"author":1,"featured_media":408,"parent":0,"menu_order":0,"comment_status":"closed","ping_status":"closed","template":"","meta":{"_kad_post_transparent":"","_kad_post_title":"hide","_kad_post_layout":"fullwidth","_kad_post_sidebar_id":"","_kad_post_content_style":"unboxed","_kad_post_vertical_padding":"hide","_kad_post_feature":"hide","_kad_post_feature_position":"","_kad_post_header":false,"_kad_post_footer":false,"footnotes":""},"class_list":["post-3067","page","type-page","status-publish","has-post-thumbnail","hentry"],"aioseo_notices":[],"_links":{"self":[{"href":"https:\/\/ginetteachim.com\/agenceartistique\/wp-json\/wp\/v2\/pages\/3067","targetHints":{"allow":["GET"]}}],"collection":[{"href":"https:\/\/ginetteachim.com\/agenceartistique\/wp-json\/wp\/v2\/pages"}],"about":[{"href":"https:\/\/ginetteachim.com\/agenceartistique\/wp-json\/wp\/v2\/types\/page"}],"author":[{"embeddable":true,"href":"https:\/\/ginetteachim.com\/agenceartistique\/wp-json\/wp\/v2\/users\/1"}],"replies":[{"embeddable":true,"href":"https:\/\/ginetteachim.com\/agenceartistique\/wp-json\/wp\/v2\/comments?post=3067"}],"version-history":[{"count":3,"href":"https:\/\/ginetteachim.com\/agenceartistique\/wp-json\/wp\/v2\/pages\/3067\/revisions"}],"predecessor-version":[{"id":9498,"href":"https:\/\/ginetteachim.com\/agenceartistique\/wp-json\/wp\/v2\/pages\/3067\/revisions\/9498"}],"wp:featuredmedia":[{"embeddable":true,"href":"https:\/\/ginetteachim.com\/agenceartistique\/wp-json\/wp\/v2\/media\/408"}],"wp:attachment":[{"href":"https:\/\/ginetteachim.com\/agenceartistique\/wp-json\/wp\/v2\/media?parent=3067"}],"curies":[{"name":"wp","href":"https:\/\/api.w.org\/{rel}","templated":true}]}}